{"id":4005,"date":"2024-10-25T09:35:54","date_gmt":"2024-10-25T09:35:54","guid":{"rendered":"https:\/\/stavangeram.com\/?page_id=4005"},"modified":"2025-03-19T17:59:26","modified_gmt":"2025-03-19T17:59:26","slug":"important-information","status":"publish","type":"page","link":"https:\/\/stavangeram.com\/nb\/important-information\/","title":{"rendered":"VIKTIG INFORMASJON"},"content":{"rendered":"<section id=\"comp-lk0xcgy1\" class=\"Oqnisf comp-lk0xcgy1 wixui-section\" tabindex=\"-1\" data-block-level-container=\"ClassicSection\">\n<div class=\"\" data-mesh-id=\"comp-lk0xcgy1inlineContent\" data-testid=\"inline-content\">\n<div data-mesh-id=\"comp-lk0xcgy1inlineContent-gridContainer\" data-testid=\"mesh-container-content\">\n<div id=\"comp-jjino8kn\" class=\"HcOXKn c9GqVL QxJLC3 lq2cno comp-jjino8kn wixui-rich-text\" data-testid=\"richTextElement\">\n<h4 class=\"font_4 wixui-rich-text__text\"><span class=\"wixui-rich-text__text\"><span class=\"color_25 wixui-rich-text__text\">VIKTIG INFORMASJON<\/span><\/span><\/h4>\n<\/div>\n<\/div>\n<\/div>\n<\/section>\n<section id=\"comp-lk0xcgy2\" class=\"Oqnisf comp-lk0xcgy2 wixui-section\" tabindex=\"-1\" data-block-level-container=\"ClassicSection\">\n<div id=\"bgLayers_comp-lk0xcgy2\" class=\"MW5IWV\" data-hook=\"bgLayers\" data-motion-part=\"BG_LAYER\">\n<div class=\"LWbAav Kv1aVt\" data-testid=\"colorUnderlay\"><\/div>\n<div id=\"bgMedia_comp-lk0xcgy2\" class=\"VgO9Yg\" data-motion-part=\"BG_MEDIA\">SAM\u00a0 is subject to supervision by the Norwegian Financial Supervisory Authority. You can find our license <a class=\"wixui-rich-text__text\" href=\"https:\/\/www.finanstilsynet.no\/konsesjonsregisteret\/detail\/?id=108201\" target=\"_self\" rel=\"noreferrer noopener\">here<\/a>\u00a0.<\/div>\n<\/div>\n<div class=\"\" data-mesh-id=\"comp-lk0xcgy2inlineContent\" data-testid=\"inline-content\">\n<div data-mesh-id=\"comp-lk0xcgy2inlineContent-gridContainer\" data-testid=\"mesh-container-content\">\n<div id=\"comp-jjinowl8\" class=\"HcOXKn c9GqVL QxJLC3 lq2cno comp-jjinowl8 wixui-rich-text\" data-testid=\"richTextElement\">\n<p class=\"font_7 wixui-rich-text__text\"><span class=\"wixui-rich-text__text\">Noon Invest er underlagt tilsyn av Finanstilsynet. Du finner v\u00e5r lisens her.\n\nHer finner du alle de juridiske dokumenter som regulerer driften v\u00e5r.<\/span><\/p>\n<p class=\"font_7 wixui-rich-text__text\"><span class=\"wixui-rich-text__text\">\u200b<\/span><\/p>\n<ul class=\"font_7 wixui-rich-text__text\">\n<li class=\"wixui-rich-text__text\">\n<p class=\"font_7 wixui-rich-text__text\"><a href=\"https:\/\/stavangeram.com\/wp-content\/uploads\/2025\/03\/Alminnelige-forretningsvilkar-160323-Stavanger-Asset-Managmenet_Noon-1-2.pdf\"><span data-teams=\"true\">Betingelser og vilk\u00e5r<\/span><\/a><\/p>\n<\/li>\n<li class=\"wixui-rich-text__text\">\n<p class=\"font_7 wixui-rich-text__text\"><a href=\"https:\/\/stavangeram.com\/nb\/terms-conditions\/\"><span class=\"wixui-rich-text__text\">GDPR<\/span><\/a><\/p>\n<\/li>\n<li class=\"wixui-rich-text__text\">\n<p class=\"font_7 wixui-rich-text__text\"><span class=\"wixui-rich-text__text\"><a class=\"wixui-rich-text__text\" href=\"https:\/\/stavangeram.com\/nb\/esg\/\">ESG<\/a><\/span><\/p>\n<\/li>\n<li class=\"wixui-rich-text__text\">\n<p class=\"font_7 wixui-rich-text__text\"><a href=\"https:\/\/stavangeram.com\/nb\/information-about-changes-in-instruments\/\"><span class=\"wixui-rich-text__text\">Informasjon om endringer i instrumenter<\/span><\/a><\/p>\n<\/li>\n<\/ul>\n<p class=\"font_7 wixui-rich-text__text\"><span class=\"wixui-rich-text__text\">\u200b<\/span><\/p>\n<p class=\"font_7 wixui-rich-text__text\"><span class=\"wixui-rich-text__text\">Skulle du ha noen flere sp\u00f8rsm\u00e5l kan du kontakte v\u00e5r Compliance Officer,<\/span><\/p>\n<p class=\"font_7 wixui-rich-text__text\"><span class=\"wixui-rich-text__text\">Anne-Gro Vonlanthen at <a title=\"mailto:agv@stavangeram.com\" href=\"mailto:agv@stavangeram.com\" data-linkindex=\"1\">agv@stavangeram.com<\/a>, +4790509242.<\/span><\/p>\n<\/div>\n<\/div>\n<\/div>\n<\/section>","protected":false},"excerpt":{"rendered":"<p>IMPORTANT INFORMATION SAM\u00a0 is subject to supervision by the Norwegian Financial Supervisory Authority. You can find our license here\u00a0. Here you will find all the legal documents that regulate our operations. \u200b Terms and conditions GDPR ESG Information about changes in instruments \u200b Should you have any further questions, you can contact our Compliance Officer, [&hellip;]<\/p>\n","protected":false},"author":3,"featured_media":0,"parent":0,"menu_order":0,"comment_status":"closed","ping_status":"closed","template":"","meta":{"_eb_attr":"","footnotes":""},"class_list":["post-4005","page","type-page","status-publish","hentry"],"yoast_head":"<!-- This site is optimized with the Yoast SEO plugin v27.6 - https:\/\/yoast.com\/product\/yoast-seo-wordpress\/ -->\n<title>IMPORTANT INFORMATION - Stavanger Asset Management<\/title>\n<meta name=\"robots\" content=\"index, follow, max-snippet:-1, max-image-preview:large, max-video-preview:-1\" \/>\n<link rel=\"canonical\" href=\"https:\/\/stavangeram.com\/nb\/important-information\/\" \/>\n<meta property=\"og:locale\" content=\"nb_NO\" \/>\n<meta property=\"og:type\" content=\"article\" \/>\n<meta property=\"og:title\" content=\"IMPORTANT INFORMATION - Stavanger Asset Management\" \/>\n<meta property=\"og:description\" content=\"IMPORTANT INFORMATION SAM\u00a0 is subject to supervision by the Norwegian Financial Supervisory Authority. You can find our license here\u00a0. Here you will find all the legal documents that regulate our operations. \u200b Terms and conditions GDPR ESG Information about changes in instruments \u200b Should you have any further questions, you can contact our Compliance Officer, [&hellip;]\" \/>\n<meta property=\"og:url\" content=\"https:\/\/stavangeram.com\/nb\/important-information\/\" \/>\n<meta property=\"og:site_name\" content=\"Stavanger Asset Management\" \/>\n<meta property=\"article:modified_time\" content=\"2025-03-19T17:59:26+00:00\" \/>\n<meta name=\"twitter:card\" content=\"summary_large_image\" \/>\n<meta name=\"twitter:label1\" content=\"Ansl. lesetid\" \/>\n\t<meta name=\"twitter:data1\" content=\"1 minutt\" \/>\n<script type=\"application\/ld+json\" class=\"yoast-schema-graph\">{\"@context\":\"https:\\\/\\\/schema.org\",\"@graph\":[{\"@type\":\"WebPage\",\"@id\":\"https:\\\/\\\/stavangeram.com\\\/important-information\\\/\",\"url\":\"https:\\\/\\\/stavangeram.com\\\/important-information\\\/\",\"name\":\"IMPORTANT INFORMATION - Stavanger Asset Management\",\"isPartOf\":{\"@id\":\"https:\\\/\\\/stavangeram.com\\\/#website\"},\"datePublished\":\"2024-10-25T09:35:54+00:00\",\"dateModified\":\"2025-03-19T17:59:26+00:00\",\"breadcrumb\":{\"@id\":\"https:\\\/\\\/stavangeram.com\\\/important-information\\\/#breadcrumb\"},\"inLanguage\":\"nb-NO\",\"potentialAction\":[{\"@type\":\"ReadAction\",\"target\":[\"https:\\\/\\\/stavangeram.com\\\/important-information\\\/\"]}]},{\"@type\":\"BreadcrumbList\",\"@id\":\"https:\\\/\\\/stavangeram.com\\\/important-information\\\/#breadcrumb\",\"itemListElement\":[{\"@type\":\"ListItem\",\"position\":1,\"name\":\"Home\",\"item\":\"https:\\\/\\\/stavangeram.com\\\/\"},{\"@type\":\"ListItem\",\"position\":2,\"name\":\"IMPORTANT INFORMATION\"}]},{\"@type\":\"WebSite\",\"@id\":\"https:\\\/\\\/stavangeram.com\\\/#website\",\"url\":\"https:\\\/\\\/stavangeram.com\\\/\",\"name\":\"Stavanger Asset Management\",\"description\":\"Activate your values\",\"publisher\":{\"@id\":\"https:\\\/\\\/stavangeram.com\\\/#organization\"},\"potentialAction\":[{\"@type\":\"SearchAction\",\"target\":{\"@type\":\"EntryPoint\",\"urlTemplate\":\"https:\\\/\\\/stavangeram.com\\\/?s={search_term_string}\"},\"query-input\":{\"@type\":\"PropertyValueSpecification\",\"valueRequired\":true,\"valueName\":\"search_term_string\"}}],\"inLanguage\":\"nb-NO\"},{\"@type\":\"Organization\",\"@id\":\"https:\\\/\\\/stavangeram.com\\\/#organization\",\"name\":\"Stavanger Asset Management\",\"url\":\"https:\\\/\\\/stavangeram.com\\\/\",\"logo\":{\"@type\":\"ImageObject\",\"inLanguage\":\"nb-NO\",\"@id\":\"https:\\\/\\\/stavangeram.com\\\/#\\\/schema\\\/logo\\\/image\\\/\",\"url\":\"https:\\\/\\\/stavangeram.com\\\/wp-content\\\/uploads\\\/2020\\\/11\\\/cropped-SAM-Logo.png\",\"contentUrl\":\"https:\\\/\\\/stavangeram.com\\\/wp-content\\\/uploads\\\/2020\\\/11\\\/cropped-SAM-Logo.png\",\"width\":512,\"height\":512,\"caption\":\"Stavanger Asset Management\"},\"image\":{\"@id\":\"https:\\\/\\\/stavangeram.com\\\/#\\\/schema\\\/logo\\\/image\\\/\"}}]}<\/script>\n<!-- \/ Yoast SEO plugin. -->","yoast_head_json":{"title":"IMPORTANT INFORMATION - Stavanger Asset Management","robots":{"index":"index","follow":"follow","max-snippet":"max-snippet:-1","max-image-preview":"max-image-preview:large","max-video-preview":"max-video-preview:-1"},"canonical":"https:\/\/stavangeram.com\/nb\/important-information\/","og_locale":"nb_NO","og_type":"article","og_title":"IMPORTANT INFORMATION - Stavanger Asset Management","og_description":"IMPORTANT INFORMATION SAM\u00a0 is subject to supervision by the Norwegian Financial Supervisory Authority. You can find our license here\u00a0. Here you will find all the legal documents that regulate our operations. \u200b Terms and conditions GDPR ESG Information about changes in instruments \u200b Should you have any further questions, you can contact our Compliance Officer, [&hellip;]","og_url":"https:\/\/stavangeram.com\/nb\/important-information\/","og_site_name":"Stavanger Asset Management","article_modified_time":"2025-03-19T17:59:26+00:00","twitter_card":"summary_large_image","twitter_misc":{"Ansl. lesetid":"1 minutt"},"schema":{"@context":"https:\/\/schema.org","@graph":[{"@type":"WebPage","@id":"https:\/\/stavangeram.com\/important-information\/","url":"https:\/\/stavangeram.com\/important-information\/","name":"IMPORTANT INFORMATION - Stavanger Asset Management","isPartOf":{"@id":"https:\/\/stavangeram.com\/#website"},"datePublished":"2024-10-25T09:35:54+00:00","dateModified":"2025-03-19T17:59:26+00:00","breadcrumb":{"@id":"https:\/\/stavangeram.com\/important-information\/#breadcrumb"},"inLanguage":"nb-NO","potentialAction":[{"@type":"ReadAction","target":["https:\/\/stavangeram.com\/important-information\/"]}]},{"@type":"BreadcrumbList","@id":"https:\/\/stavangeram.com\/important-information\/#breadcrumb","itemListElement":[{"@type":"ListItem","position":1,"name":"Home","item":"https:\/\/stavangeram.com\/"},{"@type":"ListItem","position":2,"name":"IMPORTANT INFORMATION"}]},{"@type":"WebSite","@id":"https:\/\/stavangeram.com\/#website","url":"https:\/\/stavangeram.com\/","name":"Stavanger Asset Management","description":"Activate your values","publisher":{"@id":"https:\/\/stavangeram.com\/#organization"},"potentialAction":[{"@type":"SearchAction","target":{"@type":"EntryPoint","urlTemplate":"https:\/\/stavangeram.com\/?s={search_term_string}"},"query-input":{"@type":"PropertyValueSpecification","valueRequired":true,"valueName":"search_term_string"}}],"inLanguage":"nb-NO"},{"@type":"Organization","@id":"https:\/\/stavangeram.com\/#organization","name":"Stavanger Asset Management","url":"https:\/\/stavangeram.com\/","logo":{"@type":"ImageObject","inLanguage":"nb-NO","@id":"https:\/\/stavangeram.com\/#\/schema\/logo\/image\/","url":"https:\/\/stavangeram.com\/wp-content\/uploads\/2020\/11\/cropped-SAM-Logo.png","contentUrl":"https:\/\/stavangeram.com\/wp-content\/uploads\/2020\/11\/cropped-SAM-Logo.png","width":512,"height":512,"caption":"Stavanger Asset Management"},"image":{"@id":"https:\/\/stavangeram.com\/#\/schema\/logo\/image\/"}}]}},"_links":{"self":[{"href":"https:\/\/stavangeram.com\/nb\/wp-json\/wp\/v2\/pages\/4005","targetHints":{"allow":["GET"]}}],"collection":[{"href":"https:\/\/stavangeram.com\/nb\/wp-json\/wp\/v2\/pages"}],"about":[{"href":"https:\/\/stavangeram.com\/nb\/wp-json\/wp\/v2\/types\/page"}],"author":[{"embeddable":true,"href":"https:\/\/stavangeram.com\/nb\/wp-json\/wp\/v2\/users\/3"}],"replies":[{"embeddable":true,"href":"https:\/\/stavangeram.com\/nb\/wp-json\/wp\/v2\/comments?post=4005"}],"version-history":[{"count":5,"href":"https:\/\/stavangeram.com\/nb\/wp-json\/wp\/v2\/pages\/4005\/revisions"}],"predecessor-version":[{"id":4092,"href":"https:\/\/stavangeram.com\/nb\/wp-json\/wp\/v2\/pages\/4005\/revisions\/4092"}],"wp:attachment":[{"href":"https:\/\/stavangeram.com\/nb\/wp-json\/wp\/v2\/media?parent=4005"}],"curies":[{"name":"wp","href":"https:\/\/api.w.org\/{rel}","templated":true}]}}