{"id":3904,"date":"2023-08-09T09:05:54","date_gmt":"2023-08-09T09:05:54","guid":{"rendered":"https:\/\/stavangeram.com\/?page_id=3904"},"modified":"2024-04-18T08:15:41","modified_gmt":"2024-04-18T08:15:41","slug":"esg","status":"publish","type":"page","link":"https:\/\/stavangeram.com\/nb\/esg\/","title":{"rendered":"ESG"},"content":{"rendered":"<p><b><span data-contrast=\"auto\">B\u00e6rekraft (ESG) i Stavanger Asset Management AS<\/span><\/b><span data-ccp-props=\"{&quot;201341983&quot;:0,&quot;335559739&quot;:160,&quot;335559740&quot;:259}\">\u00a0<\/span><\/p>\n<p><span data-contrast=\"auto\">ESG st\u00e5r for \u00abEnvironmental, Social and Governance\u00bb, eller milj\u00f8- , sosiale- og forretningsetiske forhold p\u00e5 norsk, og representerer en helhetlig tiln\u00e6rming til det som kalles b\u00e6rekraft.<\/span><span data-ccp-props=\"{&quot;201341983&quot;:0,&quot;335559739&quot;:160,&quot;335559740&quot;:259}\">\u00a0<\/span><\/p>\n<p><span data-contrast=\"auto\">Stavanger Asset Management AS (SAM) arbeider for \u00e5 fremme \u00e5penhet, integritet, rettighet og ansvar i alle deler av v\u00e5r virksomhet, med v\u00e5re ansatte, investorer, interessenter og kunder.<\/span><span data-ccp-props=\"{&quot;201341983&quot;:0,&quot;335559739&quot;:160,&quot;335559740&quot;:259}\">\u00a0<\/span><\/p>\n<p><span data-contrast=\"auto\">B\u00e6rekraftsrisiko er definert som milj\u00f8messige, sosiale eller styringsrelaterte hendelser eller omstendigheter som kan ha en faktisk eller mulig vesentlig negativ innvirkning p\u00e5 investeringens verdi dersom de skulle inntreffe.<\/span><span data-ccp-props=\"{&quot;201341983&quot;:0,&quot;335559739&quot;:160,&quot;335559740&quot;:259}\">\u00a0<\/span><\/p>\n<p><span data-contrast=\"auto\">I SAM skaper vi langsiktige verdier for v\u00e5re kunder og vi er opptatt av at v\u00e5re forvaltere og investeringsr\u00e5dgivere tar hensyn til og informerer kundene om b\u00e6rekraft og eventuelle b\u00e6rekraftsrisikoer.<\/span><span data-ccp-props=\"{&quot;201341983&quot;:0,&quot;335559739&quot;:160,&quot;335559740&quot;:259}\">\u00a0<\/span><\/p>\n<p><span data-contrast=\"auto\">Vi har mulighet til \u00e5 p\u00e5virke hvordan kundenes kapital allokeres og hvilke bransjer og bedrifter som kan skaffe kapital til sin virksomhet. V\u00e5rt syn er at ansvarlig handling er b\u00e5de viktig og n\u00f8dvendig for \u00e5 fremme en b\u00e6rekraftig utvikling.<\/span><span data-ccp-props=\"{&quot;201341983&quot;:0,&quot;335559739&quot;:160,&quot;335559740&quot;:259}\">\u00a0<\/span><\/p>\n<p><span data-ccp-props=\"{&quot;201341983&quot;:0,&quot;335559739&quot;:160,&quot;335559740&quot;:259}\">\u00a0<\/span><\/p>\n<p><b><span data-contrast=\"auto\">V\u00e5re prinsipper for b\u00e6rekraft<\/span><\/b><span data-ccp-props=\"{&quot;201341983&quot;:0,&quot;335559739&quot;:160,&quot;335559740&quot;:259}\">\u00a0<\/span><\/p>\n<p><span data-contrast=\"auto\">SAM foretrekker \u00e5 samarbeide med selskaper som lever opp til visse prinsipper n\u00e5r det gjelder menneskerettigheter, arbeidstakerrettigheter, milj\u00f8 og antikorrupsjon:<\/span><span data-ccp-props=\"{&quot;201341983&quot;:0,&quot;335559739&quot;:160,&quot;335559740&quot;:259}\">\u00a0<\/span><\/p>\n<ul>\n<li><span data-contrast=\"auto\"> Ha en god bedriftskultur<\/span><\/li>\n<li><span data-contrast=\"auto\"> Forplikte seg til \u00e5 overholde menneskerettigheter og arbeidstakerrettigheter<\/span><\/li>\n<li><span data-contrast=\"auto\"> Forplikte seg til \u00e5 jobbe for likestilling og likeverd<\/span><\/li>\n<li><span data-contrast=\"auto\"> Forplikte seg til \u00e5 jobbe for et bedre milj\u00f8<\/span><\/li>\n<li><span data-contrast=\"auto\"> Forplikte seg til \u00e5 jobbe for et bedre milj\u00f8<\/span><\/li>\n<\/ul>\n<p><span data-contrast=\"auto\">Prinsippene er basert p\u00e5 v\u00e5re kjerneverdier og tas med i alle forretningsbeslutninger.<\/span><span data-ccp-props=\"{&quot;201341983&quot;:0,&quot;335559739&quot;:160,&quot;335559740&quot;:259}\">\u00a0<\/span><\/p>\n<p><span data-ccp-props=\"{&quot;201341983&quot;:0,&quot;335559739&quot;:160,&quot;335559740&quot;:259}\">\u00a0<\/span><\/p>\n<p><b><span data-contrast=\"auto\">Reduksjon av milj\u00f8messig fotavtrykk<\/span><\/b><span data-ccp-props=\"{&quot;201341983&quot;:0,&quot;335559739&quot;:160,&quot;335559740&quot;:259}\">\u00a0<\/span><\/p>\n<p><span data-contrast=\"auto\">Som selskap har vi et kontinuerlig fokus p\u00e5 \u00e5 redusere milj\u00f8messig fotavtrykk. Dette v\u00e6re seg gjennom sm\u00e5 og st\u00f8rre tiltak, som eksempelvis kan nevnes;<\/span><span data-ccp-props=\"{&quot;201341983&quot;:0,&quot;335559739&quot;:160,&quot;335559740&quot;:259}\">\u00a0<\/span><\/p>\n<ul>\n<li><span data-contrast=\"auto\"> avfallssortering<\/span><\/li>\n<li><span data-contrast=\"auto\"> tilstrebe papirl\u00f8st kontor med utstrakt bruk av digitale verkt\u00f8y<\/span><\/li>\n<li><span data-contrast=\"auto\"> tilstrebe papirl\u00f8s virksomhet mot kunder og leverand\u00f8rer ved \u00e5 fokusere p\u00e5 bruk av digitale verkt\u00f8y og hjelpemidler.<\/span><\/li>\n<li><span data-contrast=\"auto\"> lokasjon i Stavanger sentrum, for \u00e5 motivere til kollektiv transport<\/span><\/li>\n<li><span data-contrast=\"auto\"> medlem av Hjem-jobb-hjem<\/span><\/li>\n<\/ul>\n<p><span data-contrast=\"auto\">Daglig leder og HR har ansvar for initiativ og etterf\u00f8lgelse av selskapets b\u00e6rekraftsstrategi.<\/span><span data-ccp-props=\"{&quot;201341983&quot;:0,&quot;335559739&quot;:160,&quot;335559740&quot;:259}\">\u00a0<\/span><\/p>\n<p><span data-contrast=\"auto\">Investeringsdirekt\u00f8r har ansvar for etterlevelse av investeringer, portef\u00f8ljer og at portef\u00f8ljene er i tr\u00e5d med mandatet gitt av kunden.<\/span><span data-ccp-props=\"{&quot;201341983&quot;:0,&quot;335559739&quot;:160,&quot;335559740&quot;:259}\">\u00a0<\/span><\/p>\n<p><span data-ccp-props=\"{&quot;201341983&quot;:0,&quot;335559739&quot;:160,&quot;335559740&quot;:259}\">\u00a0<\/span><\/p>\n<p><b><span data-contrast=\"auto\">Integrering av b\u00e6rekraftsrisiko<\/span><\/b><span data-ccp-props=\"{&quot;201341983&quot;:0,&quot;335559739&quot;:160,&quot;335559740&quot;:259}\">\u00a0<\/span><\/p>\n<p><span data-contrast=\"auto\">B\u00e6rekraftsrisiko refererer til risikoen for milj\u00f8messige, sosiale eller styringsrelaterte hendelser eller omstendigheter som kan ha en faktisk eller mulig vesentlig negativ innvirkning p\u00e5 investeringens verdi. B\u00e6rekraftsrisiko er derfor en viktig faktor \u00e5 vurdere for foretak som \u00f8nsker \u00e5 ta hensyn til langsiktige b\u00e6rekraftsm\u00e5l i sine beslutninger.<\/span><span data-ccp-props=\"{&quot;201341983&quot;:0,&quot;335559739&quot;:160,&quot;335559740&quot;:259}\">\u00a0<\/span><\/p>\n<p><span data-contrast=\"auto\">SAM skal gi oppl\u00e6ring til forvaltere, investeringsr\u00e5dgivere og annet relevant personell om b\u00e6rekraftsrisikoer og deres betydning for investeringsbeslutninger. Dette inkluderer \u00e5 forst\u00e5 ESG-faktorer (Environmental, Social, and Governance) og deres potensielle innvirkning p\u00e5 finansielle resultater.<\/span><span data-ccp-props=\"{&quot;201341983&quot;:0,&quot;335559739&quot;:160,&quot;335559740&quot;:259}\">\u00a0<\/span><\/p>\n<p><span data-contrast=\"auto\">Kunder skal informeres om hva b\u00e6rekraftige investeringer er og hva b\u00e6rekraftsrisiko inneb\u00e6rer og hvordan disse risikoene kan p\u00e5virke deres investering.<\/span><span data-ccp-props=\"{&quot;201341983&quot;:0,&quot;335559739&quot;:160,&quot;335559740&quot;:259}\">\u00a0<\/span><\/p>\n<p><span data-contrast=\"auto\">Alle ansatte i foretaket skal kommunisere tydelig og transparent om b\u00e6rekraftsrisikoer til kunder gjennom markedsf\u00f8ringsmateriell og annen kommunikasjon. B\u00e6rekraftsrisiko er dynamisk og krever kontinuerlig oppf\u00f8lging og tilpasning. Ansatte i SAM skal \u00e5 holde seg oppdatert p\u00e5 utviklingen innen b\u00e6rekraftsomr\u00e5det og tilpasse seg endrede forhold.<\/span><span data-ccp-props=\"{&quot;201341983&quot;:0,&quot;335559739&quot;:160,&quot;335559740&quot;:259}\">\u00a0<\/span><\/p>\n<p><span data-contrast=\"auto\">Ansatte skal tilstrebe \u00e5 ta hensyn til milj\u00f8messige, sosiale og forretningsetiske forhold ved innkj\u00f8p. Ved tjenestereiser skal v\u00e5re ansatte velge milj\u00f8vennlige alternativer som offentlig transport der det er hensiktsmessig.<\/span><span data-ccp-props=\"{&quot;201341983&quot;:0,&quot;335559739&quot;:160,&quot;335559740&quot;:259}\">\u00a0<\/span><\/p>\n<p><span data-ccp-props=\"{&quot;201341983&quot;:0,&quot;335559739&quot;:160,&quot;335559740&quot;:259}\">\u00a0<\/span><\/p>\n<p><b><span data-contrast=\"auto\">Hva er b\u00e6rekraftsrisikoer:<\/span><\/b><span data-ccp-props=\"{&quot;201341983&quot;:0,&quot;335559739&quot;:160,&quot;335559740&quot;:259}\">\u00a0<\/span><\/p>\n<ol>\n<li><span data-contrast=\"auto\"> Milj\u00f8messige risikoer:<\/span><\/li>\n<\/ol>\n<p><span data-contrast=\"auto\">Milj\u00f8messige risikoer kan omfatte eksponering mot klimaendringer, ressursknapphet og milj\u00f8forurensning. For eksempel kan selskaper innen fossile brenselsindustrier m\u00f8te \u00f8kende regulatorisk press og markedssvikt p\u00e5 grunn av overgangen til fornybar energi.<\/span><span data-ccp-props=\"{&quot;201341983&quot;:0,&quot;335559739&quot;:160,&quot;335559740&quot;:259}\">\u00a0<\/span><\/p>\n<ol start=\"2\">\n<li><span data-contrast=\"auto\"> Sosiale risikoer:<\/span><\/li>\n<\/ol>\n<p><span data-contrast=\"auto\">Sosiale risikoer kan inkludere menneskerettighetsbrudd, arbeidstvister og omd\u00f8mmetap. For eksempel kan selskaper som er involvert i barnearbeid eller tvangsarbeid m\u00f8te rettslige konsekvenser og negativ publisitet som kan p\u00e5virke deres langsiktige ytelse.<\/span><span data-ccp-props=\"{&quot;201341983&quot;:0,&quot;335559739&quot;:160,&quot;335559740&quot;:259}\">\u00a0<\/span><\/p>\n<ol start=\"3\">\n<li><span data-contrast=\"auto\"> Styringsrisikoer:<\/span><\/li>\n<\/ol>\n<p><span data-contrast=\"auto\">Styringsrisikoer kan omfatte d\u00e5rlig selskapsstyring, uetisk ledelse og svakhet i internkontrollsystemer. For eksempel kan selskaper med manglende transparens i beslutningstakingen og mangelfulle kontrollmekanismer v\u00e6re mer s\u00e5rbare for svindel og misligheter.<\/span><span data-ccp-props=\"{&quot;201341983&quot;:0,&quot;335559739&quot;:160,&quot;335559740&quot;:259}\">\u00a0<\/span><\/p>\n<p><span data-ccp-props=\"{&quot;201341983&quot;:0,&quot;335559739&quot;:160,&quot;335559740&quot;:259}\">\u00a0<\/span><\/p>\n<p><b><span data-contrast=\"auto\">Potensielle konsekvenser for avkastning:<\/span><\/b><span data-ccp-props=\"{&quot;201341983&quot;:0,&quot;335559739&quot;:160,&quot;335559740&quot;:259}\">\u00a0<\/span><\/p>\n<p><span data-ccp-props=\"{&quot;201341983&quot;:0,&quot;335559739&quot;:160,&quot;335559740&quot;:259}\">\u00a0<\/span><\/p>\n<ol>\n<li><span data-contrast=\"auto\"> Redusert potensial for avkastning:<\/span><\/li>\n<\/ol>\n<p><span data-contrast=\"auto\">Investeringer i selskaper med h\u00f8y eksponering mot b\u00e6rekraftsrisikoer kan oppleve lavere avkastning p\u00e5 lang sikt p\u00e5 grunn av \u00f8kende kostnader, tapte muligheter og redusert tillit fra investorer og forbrukere.<\/span><span data-ccp-props=\"{&quot;201341983&quot;:0,&quot;335559739&quot;:160,&quot;335559740&quot;:259}\">\u00a0<\/span><\/p>\n<ol start=\"2\">\n<li><span data-contrast=\"auto\"> \u00d8kt volatilitet og risiko:<\/span><\/li>\n<\/ol>\n<p><span data-contrast=\"auto\">Selskaper som er d\u00e5rlig forberedt p\u00e5 b\u00e6rekraftsutfordringer kan oppleve \u00f8kt volatilitet og risiko i sine finansielle resultater p\u00e5 grunn av uventede hendelser og negative reaksjoner fra markedet.<\/span><span data-ccp-props=\"{&quot;201341983&quot;:0,&quot;335559739&quot;:160,&quot;335559740&quot;:259}\">\u00a0<\/span><\/p>\n<ol start=\"3\">\n<li><span data-contrast=\"auto\"> Muligheter for b\u00e6rekraftig vekst:<\/span><\/li>\n<\/ol>\n<p><span data-contrast=\"auto\">P\u00e5 den annen side kan investeringer i selskaper som tar b\u00e6rekraftsrisikoer p\u00e5 alvor og implementerer robuste ESG-praksiser ha st\u00f8rre muligheter for langsiktig vekst og stabilitet, og dermed potensial for h\u00f8yere avkastning.<\/span><span data-ccp-props=\"{&quot;201341983&quot;:0,&quot;335559739&quot;:160,&quot;335559740&quot;:259}\">\u00a0<\/span><\/p>\n<p><span data-ccp-props=\"{&quot;201341983&quot;:0,&quot;335559739&quot;:160,&quot;335559740&quot;:259}\">\u00a0<\/span><\/p>\n<p><b><span data-contrast=\"auto\">Diskresjon\u00e6r forvaltning og investeringsr\u00e5dgivning<\/span><\/b><span data-ccp-props=\"{&quot;201341983&quot;:0,&quot;335559739&quot;:160,&quot;335559740&quot;:259}\">\u00a0<\/span><\/p>\n<p><span data-ccp-props=\"{&quot;201341983&quot;:0,&quot;335559739&quot;:160,&quot;335559740&quot;:259}\">\u00a0<\/span><\/p>\n<p><span data-contrast=\"auto\">SAMs forvaltning av kundeportef\u00f8ljer skal v\u00e6re skredders\u00f8m og prioriterer i f\u00f8rste rekke risiko og avkastning.\u00a0<\/span><span data-ccp-props=\"{&quot;201341983&quot;:0,&quot;335559739&quot;:160,&quot;335559740&quot;:259}\">\u00a0<\/span><\/p>\n<p><span data-contrast=\"auto\">Forvaltere og investeringsr\u00e5dgivere skal ta hensyn til kundenes b\u00e6rekraftpreferanser ved r\u00e5dgivning og forvaltning av kundens midler. SAM skal v\u00e6re en god diskusjonspartner og skal tilpasse kundenes portef\u00f8ljer etter hvilke ESG-kriterier som kunden legger til grunn for forvaltningen. SAM skal ogs\u00e5 bist\u00e5 sine kunder med \u00e5 bestemme hvilken tiln\u00e6rming til b\u00e6rekraft som best passer med deres overbevisning.<\/span><span data-ccp-props=\"{&quot;201341983&quot;:0,&quot;335559739&quot;:160,&quot;335559740&quot;:259}\">\u00a0<\/span><\/p>\n<p><span data-contrast=\"auto\">Ansatte skal:<\/span><span data-ccp-props=\"{&quot;201341983&quot;:0,&quot;335559739&quot;:160,&quot;335559740&quot;:259}\">\u00a0<\/span><\/p>\n<ul>\n<li><span data-contrast=\"auto\"> Keep up to date and informed about developments in the area of sustainability.<\/span><\/li>\n<li><span data-contrast=\"auto\"> Inform customers about the integration of sustainability risks and how environmental, social and corporate governance-related aspects are taken into account, and ensure that the information is shared in such a way that the customer can make an informed decision.<\/span><\/li>\n<li><span data-contrast=\"auto\"> Provide transparent and accurate information about our products and services.<\/span><\/li>\n<\/ul>\n<p><span data-ccp-props=\"{&quot;201341983&quot;:0,&quot;335559739&quot;:160,&quot;335559740&quot;:259}\">\u00a0<\/span><\/p>\n<p><b><span data-contrast=\"auto\">Hensyn til de viktigste negative konsekvenser av b\u00e6rekraftsrisiko<\/span><\/b><span data-ccp-props=\"{&quot;201341983&quot;:0,&quot;335559739&quot;:160,&quot;335559740&quot;:259}\">\u00a0<\/span><\/p>\n<p><span data-contrast=\"auto\">SAM hensyntar negative effekter av investeringsbeslutninger ved bruk av ekskludering. Fondsselskaper og produkter kan utelukkes dersom de medvirker til eller selv er ansvarlig for grove normbrudd. Denne typen utelukkelser knytter seg til selskapers atferd. Kriteriene som kan danne grunnlag for utelukkelse p\u00e5 slikt grunnlag er:<\/span><span data-ccp-props=\"{&quot;201341983&quot;:0,&quot;335559739&quot;:160,&quot;335559740&quot;:259}\">\u00a0<\/span><\/p>\n<ul>\n<li><span data-contrast=\"auto\"> Grove eller systematiske krenkelser av menneskerettighetene<\/span><\/li>\n<li><span data-contrast=\"auto\"> Alvorlige krenkelser av individers rettigheter i krig eller konfliktsituasjoner<\/span><\/li>\n<li><span data-contrast=\"auto\"> Salg av v\u00e5pen til stater i v\u00e6pnede konflikter som benytter v\u00e5pnene p\u00e5 m\u00e5ter som utgj\u00f8r alvorlige og systematiske brudd p\u00e5 folkerettens regler for stridighetene<\/span><\/li>\n<li><span data-contrast=\"auto\"> Alvorlig milj\u00f8skade<\/span><\/li>\n<li><span data-contrast=\"auto\"> Handlinger eller unnlatelser som p\u00e5 et aggregert selskapsniv\u00e5 i uakseptabel grad f\u00f8rer til utslipp av klimagasser<\/span><\/li>\n<li><span data-contrast=\"auto\"> Grov korrupsjon eller annen grov \u00f8konomisk kriminalitet<\/span><\/li>\n<li><span data-contrast=\"auto\"> Andre, s\u00e6rlig grove brudd p\u00e5 grunnleggende etiske normer<\/span><\/li>\n<\/ul>\n<p><span data-ccp-props=\"{&quot;201341983&quot;:0,&quot;335559739&quot;:160,&quot;335559740&quot;:259}\">\u00a0<\/span><\/p>\n<p><b><span data-contrast=\"auto\">V\u00e5r godtgj\u00f8relsespolicy<\/span><\/b><span data-ccp-props=\"{&quot;201341983&quot;:0,&quot;335559739&quot;:160,&quot;335559740&quot;:259}\">\u00a0<\/span><\/p>\n<p><span data-contrast=\"auto\">Godtgj\u00f8relsespolitikken fastlegger at fast l\u00f8nn, provisjon og eventuell bonus til ansatte skal v\u00e6re preget av et langsiktig perspektiv og ikke oppmuntre til overdreven risikotaking og ikke forsterke interessekonflikter.  Det skal v\u00e6re en balanse mellom fast og variabel godtgj\u00f8relse og den variable godtgj\u00f8relsen skal inneholde b\u00e5de kvantitative og kvalitative kriterier for regeloverholdelse, kundeinteresse og kvalitet p\u00e5 tjenestene.  Kriteriene for variabel godtgj\u00f8relse m\u00e5 ikke utformes slik at det oppst\u00e5r konflikt med Selskapets plikt til \u00e5 ivareta kundenes interesser.  V\u00e5r godtgj\u00f8relsespolitikk anses \u00e5 v\u00e6re forenlig med Selskapets arbeid med b\u00e6rekraftsrisiko i styring og r\u00e5dgivning til v\u00e5re kunder.<\/span><span data-ccp-props=\"{&quot;201341983&quot;:0,&quot;335559739&quot;:160,&quot;335559740&quot;:259}\">\u00a0<\/span><\/p>\n<p><span data-ccp-props=\"{&quot;201341983&quot;:0,&quot;335559739&quot;:160,&quot;335559740&quot;:259}\">\u00a0<\/span><\/p>\n<p><span data-ccp-props=\"{&quot;201341983&quot;:0,&quot;335559739&quot;:160,&quot;335559740&quot;:259}\">\u00a0<\/span><\/p>","protected":false},"excerpt":{"rendered":"<p>Sustainability (ESG) in Stavanger Asset Management AS\u00a0 ESG stands for &#8220;Environmental, Social and Governance&#8221;, and represents a holistic approach to what is called sustainability.\u00a0 Stavanger Asset Management AS (SAM) works to promote transparency, integrity, rights and responsibility in all parts of our business, with our employees, investors, stakeholders and customers.\u00a0 Sustainability risk is defined as [&hellip;]<\/p>\n","protected":false},"author":3,"featured_media":0,"parent":0,"menu_order":0,"comment_status":"closed","ping_status":"closed","template":"","meta":{"footnotes":""},"class_list":["post-3904","page","type-page","status-publish","hentry"],"yoast_head":"<!-- This site is optimized with the Yoast SEO plugin v27.5 - https:\/\/yoast.com\/product\/yoast-seo-wordpress\/ -->\n<title>ESG - Stavanger Asset Management<\/title>\n<meta name=\"robots\" content=\"index, follow, max-snippet:-1, max-image-preview:large, max-video-preview:-1\" \/>\n<link rel=\"canonical\" href=\"https:\/\/stavangeram.com\/nb\/esg\/\" \/>\n<meta property=\"og:locale\" content=\"nb_NO\" \/>\n<meta property=\"og:type\" content=\"article\" \/>\n<meta property=\"og:title\" content=\"ESG - Stavanger Asset Management\" \/>\n<meta property=\"og:description\" content=\"Sustainability (ESG) in Stavanger Asset Management AS\u00a0 ESG stands for &#8220;Environmental, Social and Governance&#8221;, and represents a holistic approach to what is called sustainability.\u00a0 Stavanger Asset Management AS (SAM) works to promote transparency, integrity, rights and responsibility in all parts of our business, with our employees, investors, stakeholders and customers.\u00a0 Sustainability risk is defined as [&hellip;]\" \/>\n<meta property=\"og:url\" content=\"https:\/\/stavangeram.com\/nb\/esg\/\" \/>\n<meta property=\"og:site_name\" content=\"Stavanger Asset Management\" \/>\n<meta property=\"article:modified_time\" content=\"2024-04-18T08:15:41+00:00\" \/>\n<meta name=\"twitter:card\" content=\"summary_large_image\" \/>\n<meta name=\"twitter:label1\" content=\"Ansl. lesetid\" \/>\n\t<meta name=\"twitter:data1\" content=\"6 minutter\" \/>\n<script type=\"application\/ld+json\" class=\"yoast-schema-graph\">{\"@context\":\"https:\\\/\\\/schema.org\",\"@graph\":[{\"@type\":\"WebPage\",\"@id\":\"https:\\\/\\\/stavangeram.com\\\/esg\\\/\",\"url\":\"https:\\\/\\\/stavangeram.com\\\/esg\\\/\",\"name\":\"ESG - Stavanger Asset Management\",\"isPartOf\":{\"@id\":\"https:\\\/\\\/stavangeram.com\\\/#website\"},\"datePublished\":\"2023-08-09T09:05:54+00:00\",\"dateModified\":\"2024-04-18T08:15:41+00:00\",\"breadcrumb\":{\"@id\":\"https:\\\/\\\/stavangeram.com\\\/esg\\\/#breadcrumb\"},\"inLanguage\":\"nb-NO\",\"potentialAction\":[{\"@type\":\"ReadAction\",\"target\":[\"https:\\\/\\\/stavangeram.com\\\/esg\\\/\"]}]},{\"@type\":\"BreadcrumbList\",\"@id\":\"https:\\\/\\\/stavangeram.com\\\/esg\\\/#breadcrumb\",\"itemListElement\":[{\"@type\":\"ListItem\",\"position\":1,\"name\":\"Home\",\"item\":\"https:\\\/\\\/stavangeram.com\\\/\"},{\"@type\":\"ListItem\",\"position\":2,\"name\":\"ESG\"}]},{\"@type\":\"WebSite\",\"@id\":\"https:\\\/\\\/stavangeram.com\\\/#website\",\"url\":\"https:\\\/\\\/stavangeram.com\\\/\",\"name\":\"Stavanger Asset Management\",\"description\":\"Activate your values\",\"publisher\":{\"@id\":\"https:\\\/\\\/stavangeram.com\\\/#organization\"},\"potentialAction\":[{\"@type\":\"SearchAction\",\"target\":{\"@type\":\"EntryPoint\",\"urlTemplate\":\"https:\\\/\\\/stavangeram.com\\\/?s={search_term_string}\"},\"query-input\":{\"@type\":\"PropertyValueSpecification\",\"valueRequired\":true,\"valueName\":\"search_term_string\"}}],\"inLanguage\":\"nb-NO\"},{\"@type\":\"Organization\",\"@id\":\"https:\\\/\\\/stavangeram.com\\\/#organization\",\"name\":\"Stavanger Asset Management\",\"url\":\"https:\\\/\\\/stavangeram.com\\\/\",\"logo\":{\"@type\":\"ImageObject\",\"inLanguage\":\"nb-NO\",\"@id\":\"https:\\\/\\\/stavangeram.com\\\/#\\\/schema\\\/logo\\\/image\\\/\",\"url\":\"https:\\\/\\\/stavangeram.com\\\/wp-content\\\/uploads\\\/2020\\\/11\\\/cropped-SAM-Logo.png\",\"contentUrl\":\"https:\\\/\\\/stavangeram.com\\\/wp-content\\\/uploads\\\/2020\\\/11\\\/cropped-SAM-Logo.png\",\"width\":512,\"height\":512,\"caption\":\"Stavanger Asset Management\"},\"image\":{\"@id\":\"https:\\\/\\\/stavangeram.com\\\/#\\\/schema\\\/logo\\\/image\\\/\"}}]}<\/script>\n<!-- \/ Yoast SEO plugin. -->","yoast_head_json":{"title":"ESG - Stavanger Asset Management","robots":{"index":"index","follow":"follow","max-snippet":"max-snippet:-1","max-image-preview":"max-image-preview:large","max-video-preview":"max-video-preview:-1"},"canonical":"https:\/\/stavangeram.com\/nb\/esg\/","og_locale":"nb_NO","og_type":"article","og_title":"ESG - Stavanger Asset Management","og_description":"Sustainability (ESG) in Stavanger Asset Management AS\u00a0 ESG stands for &#8220;Environmental, Social and Governance&#8221;, and represents a holistic approach to what is called sustainability.\u00a0 Stavanger Asset Management AS (SAM) works to promote transparency, integrity, rights and responsibility in all parts of our business, with our employees, investors, stakeholders and customers.\u00a0 Sustainability risk is defined as [&hellip;]","og_url":"https:\/\/stavangeram.com\/nb\/esg\/","og_site_name":"Stavanger Asset Management","article_modified_time":"2024-04-18T08:15:41+00:00","twitter_card":"summary_large_image","twitter_misc":{"Ansl. lesetid":"6 minutter"},"schema":{"@context":"https:\/\/schema.org","@graph":[{"@type":"WebPage","@id":"https:\/\/stavangeram.com\/esg\/","url":"https:\/\/stavangeram.com\/esg\/","name":"ESG - Stavanger Asset Management","isPartOf":{"@id":"https:\/\/stavangeram.com\/#website"},"datePublished":"2023-08-09T09:05:54+00:00","dateModified":"2024-04-18T08:15:41+00:00","breadcrumb":{"@id":"https:\/\/stavangeram.com\/esg\/#breadcrumb"},"inLanguage":"nb-NO","potentialAction":[{"@type":"ReadAction","target":["https:\/\/stavangeram.com\/esg\/"]}]},{"@type":"BreadcrumbList","@id":"https:\/\/stavangeram.com\/esg\/#breadcrumb","itemListElement":[{"@type":"ListItem","position":1,"name":"Home","item":"https:\/\/stavangeram.com\/"},{"@type":"ListItem","position":2,"name":"ESG"}]},{"@type":"WebSite","@id":"https:\/\/stavangeram.com\/#website","url":"https:\/\/stavangeram.com\/","name":"Stavanger Asset Management","description":"Activate your values","publisher":{"@id":"https:\/\/stavangeram.com\/#organization"},"potentialAction":[{"@type":"SearchAction","target":{"@type":"EntryPoint","urlTemplate":"https:\/\/stavangeram.com\/?s={search_term_string}"},"query-input":{"@type":"PropertyValueSpecification","valueRequired":true,"valueName":"search_term_string"}}],"inLanguage":"nb-NO"},{"@type":"Organization","@id":"https:\/\/stavangeram.com\/#organization","name":"Stavanger Asset Management","url":"https:\/\/stavangeram.com\/","logo":{"@type":"ImageObject","inLanguage":"nb-NO","@id":"https:\/\/stavangeram.com\/#\/schema\/logo\/image\/","url":"https:\/\/stavangeram.com\/wp-content\/uploads\/2020\/11\/cropped-SAM-Logo.png","contentUrl":"https:\/\/stavangeram.com\/wp-content\/uploads\/2020\/11\/cropped-SAM-Logo.png","width":512,"height":512,"caption":"Stavanger Asset Management"},"image":{"@id":"https:\/\/stavangeram.com\/#\/schema\/logo\/image\/"}}]}},"_links":{"self":[{"href":"https:\/\/stavangeram.com\/nb\/wp-json\/wp\/v2\/pages\/3904","targetHints":{"allow":["GET"]}}],"collection":[{"href":"https:\/\/stavangeram.com\/nb\/wp-json\/wp\/v2\/pages"}],"about":[{"href":"https:\/\/stavangeram.com\/nb\/wp-json\/wp\/v2\/types\/page"}],"author":[{"embeddable":true,"href":"https:\/\/stavangeram.com\/nb\/wp-json\/wp\/v2\/users\/3"}],"replies":[{"embeddable":true,"href":"https:\/\/stavangeram.com\/nb\/wp-json\/wp\/v2\/comments?post=3904"}],"version-history":[{"count":5,"href":"https:\/\/stavangeram.com\/nb\/wp-json\/wp\/v2\/pages\/3904\/revisions"}],"predecessor-version":[{"id":3913,"href":"https:\/\/stavangeram.com\/nb\/wp-json\/wp\/v2\/pages\/3904\/revisions\/3913"}],"wp:attachment":[{"href":"https:\/\/stavangeram.com\/nb\/wp-json\/wp\/v2\/media?parent=3904"}],"curies":[{"name":"wp","href":"https:\/\/api.w.org\/{rel}","templated":true}]}}