{"id":3749,"date":"2023-01-17T13:30:40","date_gmt":"2023-01-17T13:30:40","guid":{"rendered":"https:\/\/stavangeram.com\/?page_id=3749"},"modified":"2023-01-27T08:27:26","modified_gmt":"2023-01-27T08:27:26","slug":"reklamasjon-og-klager","status":"publish","type":"page","link":"https:\/\/stavangeram.com\/nb\/reklamasjon-og-klager\/","title":{"rendered":"Reklamasjon og klager"},"content":{"rendered":"<p>&nbsp;<\/p>\n<p>Om du ikke er forn\u00f8yd med oss eller v\u00e5re tjenester, vil vi h\u00f8re fra deg slik at vi kan bli bedre. Kontakt oss under for \u00e5 sende inn en klage til oss.<\/p>\n<div>\n<div class=\"CYs1l _3oBRW\">\n<div class=\"w_zrX _3Ba8q _1IRIc\">\n<div class=\"_3HLfP\">\n<div class=\"AccordionItem3858601644__children\" data-hook=\"children\">\n<div class=\"answer\" data-itemprop=\"acceptedAnswer\">\n<div class=\"questionAnswer rcvForAnswer\">\n<div class=\"sc-gqjmRU GNiJv\">\n<div class=\"kvdbP _1O7aH\" dir=\"ltr\" data-id=\"rich-content-viewer\">\n<div class=\"_1hN1O\">\n<p id=\"viewer-c4mmb\" class=\"mm8Nw _1j-51 _1FoOD _3M0Fe public-DraftStyleDefault-block-depth0 public-DraftStyleDefault-text-ltr\"><a href=\"mailto:post@stavangeram.com\">post@stavangeram.com<\/a><\/p>\n<p id=\"viewer-2ahif\" class=\"mm8Nw _1j-51 _1FoOD _3M0Fe public-DraftStyleDefault-block-depth0 public-DraftStyleDefault-text-ltr\"><span class=\"_2PHJq public-DraftStyleDefault-ltr\">Behandlingen av klagen din vil bli p\u00e5begynt s\u00e5 fort som mulig, normalt i l\u00f8pet av 3 virkedager. Du vil motta en skriftlig bekreftelse p\u00e5 at klagen din er mottatt og en forventet behandlingstid. Den forventede behandlingstiden er 14 dager, avhengig av sakens omfang. Ved forlenget saksbehandlingstid vil du bli informert om \u00e5rsaken til forsinkelsen og n\u00e5r du kan forvente \u00e5 motta svar. Vi vil innhente all relevant informasjon for \u00e5 kunne gi en grundig og helhetlig vurdering av din klage.<\/span><\/p>\n<div id=\"viewer-8abvg\" class=\"mm8Nw _1j-51 _1FoOD _3M0Fe public-DraftStyleDefault-block-depth0 public-DraftStyleDefault-text-ltr\"><span class=\"_2PHJq public-DraftStyleDefault-ltr\">\u00a0<\/span><\/div>\n<p id=\"viewer-8e1b4\" class=\"mm8Nw _1j-51 _1FoOD _3M0Fe public-DraftStyleDefault-block-depth0 public-DraftStyleDefault-text-ltr\"><span class=\"_2PHJq public-DraftStyleDefault-ltr\">Om vi ikke kan etterkomme din klage vil du motta en skriftlig begrunnelse samt informasjon om muligheten for \u00e5 klage til en klagenemd. Vi tar l\u00e6rdom av alle tilbakemeldinger og vil benytte anledningen til \u00e5 bedre v\u00e5re tjenester.<\/span><\/p>\n<\/div>\n<\/div>\n<\/div>\n<\/div>\n<\/div>\n<\/div>\n<\/div>\n<\/div>\n<\/div>\n<\/div>\n<p>&nbsp;<\/p>\n<p>&nbsp;<\/p>\n<p>&nbsp;<\/p>","protected":false},"excerpt":{"rendered":"<p>&nbsp; If you are not happy with us or our services, we would like to hear from you so that we can improve. Contact us below to send a complaint to us. post@stavangeram.com The processing of your complaint will begin as soon as possible, normally within 3 days. You will receive a written confirmation that [&hellip;]<\/p>\n","protected":false},"author":3,"featured_media":0,"parent":0,"menu_order":0,"comment_status":"closed","ping_status":"closed","template":"","meta":{"footnotes":""},"class_list":["post-3749","page","type-page","status-publish","hentry"],"yoast_head":"<!-- This site is optimized with the Yoast SEO plugin v27.5 - https:\/\/yoast.com\/product\/yoast-seo-wordpress\/ -->\n<title>Disputes and complaints - Stavanger Asset Management<\/title>\n<meta name=\"robots\" content=\"index, follow, max-snippet:-1, max-image-preview:large, max-video-preview:-1\" \/>\n<link rel=\"canonical\" href=\"https:\/\/stavangeram.com\/nb\/reklamasjon-og-klager\/\" \/>\n<meta property=\"og:locale\" content=\"nb_NO\" \/>\n<meta property=\"og:type\" content=\"article\" \/>\n<meta property=\"og:title\" content=\"Disputes and complaints - Stavanger Asset Management\" \/>\n<meta property=\"og:description\" content=\"&nbsp; If you are not happy with us or our services, we would like to hear from you so that we can improve. Contact us below to send a complaint to us. post@stavangeram.com The processing of your complaint will begin as soon as possible, normally within 3 days. You will receive a written confirmation that [&hellip;]\" \/>\n<meta property=\"og:url\" content=\"https:\/\/stavangeram.com\/nb\/reklamasjon-og-klager\/\" \/>\n<meta property=\"og:site_name\" content=\"Stavanger Asset Management\" \/>\n<meta property=\"article:modified_time\" content=\"2023-01-27T08:27:26+00:00\" \/>\n<meta name=\"twitter:card\" content=\"summary_large_image\" \/>\n<meta name=\"twitter:label1\" content=\"Ansl. lesetid\" \/>\n\t<meta name=\"twitter:data1\" content=\"1 minutt\" \/>\n<script type=\"application\/ld+json\" class=\"yoast-schema-graph\">{\"@context\":\"https:\\\/\\\/schema.org\",\"@graph\":[{\"@type\":\"WebPage\",\"@id\":\"https:\\\/\\\/stavangeram.com\\\/reklamasjon-og-klager\\\/\",\"url\":\"https:\\\/\\\/stavangeram.com\\\/reklamasjon-og-klager\\\/\",\"name\":\"Disputes and complaints - Stavanger Asset Management\",\"isPartOf\":{\"@id\":\"https:\\\/\\\/stavangeram.com\\\/#website\"},\"datePublished\":\"2023-01-17T13:30:40+00:00\",\"dateModified\":\"2023-01-27T08:27:26+00:00\",\"breadcrumb\":{\"@id\":\"https:\\\/\\\/stavangeram.com\\\/reklamasjon-og-klager\\\/#breadcrumb\"},\"inLanguage\":\"nb-NO\",\"potentialAction\":[{\"@type\":\"ReadAction\",\"target\":[\"https:\\\/\\\/stavangeram.com\\\/reklamasjon-og-klager\\\/\"]}]},{\"@type\":\"BreadcrumbList\",\"@id\":\"https:\\\/\\\/stavangeram.com\\\/reklamasjon-og-klager\\\/#breadcrumb\",\"itemListElement\":[{\"@type\":\"ListItem\",\"position\":1,\"name\":\"Home\",\"item\":\"https:\\\/\\\/stavangeram.com\\\/\"},{\"@type\":\"ListItem\",\"position\":2,\"name\":\"Disputes and complaints\"}]},{\"@type\":\"WebSite\",\"@id\":\"https:\\\/\\\/stavangeram.com\\\/#website\",\"url\":\"https:\\\/\\\/stavangeram.com\\\/\",\"name\":\"Stavanger Asset Management\",\"description\":\"Activate your values\",\"publisher\":{\"@id\":\"https:\\\/\\\/stavangeram.com\\\/#organization\"},\"potentialAction\":[{\"@type\":\"SearchAction\",\"target\":{\"@type\":\"EntryPoint\",\"urlTemplate\":\"https:\\\/\\\/stavangeram.com\\\/?s={search_term_string}\"},\"query-input\":{\"@type\":\"PropertyValueSpecification\",\"valueRequired\":true,\"valueName\":\"search_term_string\"}}],\"inLanguage\":\"nb-NO\"},{\"@type\":\"Organization\",\"@id\":\"https:\\\/\\\/stavangeram.com\\\/#organization\",\"name\":\"Stavanger Asset Management\",\"url\":\"https:\\\/\\\/stavangeram.com\\\/\",\"logo\":{\"@type\":\"ImageObject\",\"inLanguage\":\"nb-NO\",\"@id\":\"https:\\\/\\\/stavangeram.com\\\/#\\\/schema\\\/logo\\\/image\\\/\",\"url\":\"https:\\\/\\\/stavangeram.com\\\/wp-content\\\/uploads\\\/2020\\\/11\\\/cropped-SAM-Logo.png\",\"contentUrl\":\"https:\\\/\\\/stavangeram.com\\\/wp-content\\\/uploads\\\/2020\\\/11\\\/cropped-SAM-Logo.png\",\"width\":512,\"height\":512,\"caption\":\"Stavanger Asset Management\"},\"image\":{\"@id\":\"https:\\\/\\\/stavangeram.com\\\/#\\\/schema\\\/logo\\\/image\\\/\"}}]}<\/script>\n<!-- \/ Yoast SEO plugin. -->","yoast_head_json":{"title":"Disputes and complaints - Stavanger Asset Management","robots":{"index":"index","follow":"follow","max-snippet":"max-snippet:-1","max-image-preview":"max-image-preview:large","max-video-preview":"max-video-preview:-1"},"canonical":"https:\/\/stavangeram.com\/nb\/reklamasjon-og-klager\/","og_locale":"nb_NO","og_type":"article","og_title":"Disputes and complaints - Stavanger Asset Management","og_description":"&nbsp; If you are not happy with us or our services, we would like to hear from you so that we can improve. Contact us below to send a complaint to us. post@stavangeram.com The processing of your complaint will begin as soon as possible, normally within 3 days. You will receive a written confirmation that [&hellip;]","og_url":"https:\/\/stavangeram.com\/nb\/reklamasjon-og-klager\/","og_site_name":"Stavanger Asset Management","article_modified_time":"2023-01-27T08:27:26+00:00","twitter_card":"summary_large_image","twitter_misc":{"Ansl. lesetid":"1 minutt"},"schema":{"@context":"https:\/\/schema.org","@graph":[{"@type":"WebPage","@id":"https:\/\/stavangeram.com\/reklamasjon-og-klager\/","url":"https:\/\/stavangeram.com\/reklamasjon-og-klager\/","name":"Disputes and complaints - Stavanger Asset Management","isPartOf":{"@id":"https:\/\/stavangeram.com\/#website"},"datePublished":"2023-01-17T13:30:40+00:00","dateModified":"2023-01-27T08:27:26+00:00","breadcrumb":{"@id":"https:\/\/stavangeram.com\/reklamasjon-og-klager\/#breadcrumb"},"inLanguage":"nb-NO","potentialAction":[{"@type":"ReadAction","target":["https:\/\/stavangeram.com\/reklamasjon-og-klager\/"]}]},{"@type":"BreadcrumbList","@id":"https:\/\/stavangeram.com\/reklamasjon-og-klager\/#breadcrumb","itemListElement":[{"@type":"ListItem","position":1,"name":"Home","item":"https:\/\/stavangeram.com\/"},{"@type":"ListItem","position":2,"name":"Disputes and complaints"}]},{"@type":"WebSite","@id":"https:\/\/stavangeram.com\/#website","url":"https:\/\/stavangeram.com\/","name":"Stavanger Asset Management","description":"Activate your values","publisher":{"@id":"https:\/\/stavangeram.com\/#organization"},"potentialAction":[{"@type":"SearchAction","target":{"@type":"EntryPoint","urlTemplate":"https:\/\/stavangeram.com\/?s={search_term_string}"},"query-input":{"@type":"PropertyValueSpecification","valueRequired":true,"valueName":"search_term_string"}}],"inLanguage":"nb-NO"},{"@type":"Organization","@id":"https:\/\/stavangeram.com\/#organization","name":"Stavanger Asset Management","url":"https:\/\/stavangeram.com\/","logo":{"@type":"ImageObject","inLanguage":"nb-NO","@id":"https:\/\/stavangeram.com\/#\/schema\/logo\/image\/","url":"https:\/\/stavangeram.com\/wp-content\/uploads\/2020\/11\/cropped-SAM-Logo.png","contentUrl":"https:\/\/stavangeram.com\/wp-content\/uploads\/2020\/11\/cropped-SAM-Logo.png","width":512,"height":512,"caption":"Stavanger Asset Management"},"image":{"@id":"https:\/\/stavangeram.com\/#\/schema\/logo\/image\/"}}]}},"_links":{"self":[{"href":"https:\/\/stavangeram.com\/nb\/wp-json\/wp\/v2\/pages\/3749","targetHints":{"allow":["GET"]}}],"collection":[{"href":"https:\/\/stavangeram.com\/nb\/wp-json\/wp\/v2\/pages"}],"about":[{"href":"https:\/\/stavangeram.com\/nb\/wp-json\/wp\/v2\/types\/page"}],"author":[{"embeddable":true,"href":"https:\/\/stavangeram.com\/nb\/wp-json\/wp\/v2\/users\/3"}],"replies":[{"embeddable":true,"href":"https:\/\/stavangeram.com\/nb\/wp-json\/wp\/v2\/comments?post=3749"}],"version-history":[{"count":5,"href":"https:\/\/stavangeram.com\/nb\/wp-json\/wp\/v2\/pages\/3749\/revisions"}],"predecessor-version":[{"id":3767,"href":"https:\/\/stavangeram.com\/nb\/wp-json\/wp\/v2\/pages\/3749\/revisions\/3767"}],"wp:attachment":[{"href":"https:\/\/stavangeram.com\/nb\/wp-json\/wp\/v2\/media?parent=3749"}],"curies":[{"name":"wp","href":"https:\/\/api.w.org\/{rel}","templated":true}]}}